{"id":1374,"date":"2024-05-15T12:59:01","date_gmt":"2024-05-15T12:59:01","guid":{"rendered":"http:\/\/tiha.ignis-design.hr\/?page_id=1374"},"modified":"2024-05-28T11:44:56","modified_gmt":"2024-05-28T11:44:56","slug":"srdela","status":"publish","type":"page","link":"https:\/\/tiharibolov.hr\/en\/nasa-ponuda\/srdela\/","title":{"rendered":"Sardine"},"content":{"rendered":"<div class=\"wpb-content-wrapper\"><p>[vc_row content_placement=&#8221;top&#8221; css=&#8221;.vc_custom_1712231557180{margin-bottom: 0px !important;border-bottom-width: 0px !important;padding-top: 70px !important;padding-bottom: 0px !important;}&#8221;][vc_column width=&#8221;1\/12&#8243;][\/vc_column][vc_column width=&#8221;1\/4&#8243; css=&#8221;.vc_custom_1686220013199{padding-right: 30px !important;padding-left: 30px !important;}&#8221;][\/vc_column][vc_column width=&#8221;7\/12&#8243; css=&#8221;.vc_custom_1712234245337{border-left-width: 2px !important;padding-right: 50px !important;padding-left: 50px !important;border-left-color: #dddddd !important;border-left-style: dashed !important;}&#8221;]<div class=\"ult-spacer spacer-69d4927f799eb\" data-id=\"69d4927f799eb\" data-height=\"40\" data-height-mobile=\"0\" data-height-tab=\"40\" data-height-tab-portrait=\"40\" data-height-mobile-landscape=\"20\" style=\"clear:both;display:block;\"><\/div>[vc_column_text css=&#8221;&#8221; el_class=&#8221;letter_spacing&#8221;]<\/p>\n<h1>SARDINE<\/h1>\n<p>[\/vc_column_text][vc_empty_space][\/vc_column][vc_column width=&#8221;1\/12&#8243;][\/vc_column][\/vc_row][vc_row css=&#8221;.vc_custom_1715777485876{margin-bottom: 0px !important;border-bottom-width: 0px !important;padding-bottom: 0px !important;}&#8221;][vc_column width=&#8221;1\/12&#8243;][\/vc_column][vc_column width=&#8221;1\/4&#8243; css=&#8221;.vc_custom_1712234262921{padding-right: 50px !important;padding-left: 50px !important;}&#8221;][vc_empty_space height=&#8221;20px&#8221;]<style type=\"text\/css\" data-type=\"the7_shortcodes-inline-css\">.shortcode-single-image-wrap.shortcode-single-image-e14c86444210677d8a9845505e42cc4a.enable-bg-rollover .rollover i,\n.shortcode-single-image-wrap.shortcode-single-image-e14c86444210677d8a9845505e42cc4a.enable-bg-rollover .rollover-video i {\n  background: -webkit-linear-gradient();\n  background: linear-gradient();\n}\n.shortcode-single-image-wrap.shortcode-single-image-e14c86444210677d8a9845505e42cc4a .rollover-icon {\n  font-size: 32px;\n  color: #ffffff;\n  min-width: 44px;\n  min-height: 44px;\n  line-height: 44px;\n  border-radius: 100px;\n  border-style: solid;\n  border-width: 0px;\n}\n.dt-icon-bg-on.shortcode-single-image-wrap.shortcode-single-image-e14c86444210677d8a9845505e42cc4a .rollover-icon {\n  background: rgba(255,255,255,0.3);\n  box-shadow: none;\n}\n<\/style><div class=\"shortcode-single-image-wrap shortcode-single-image-e14c86444210677d8a9845505e42cc4a alignnone  enable-bg-rollover dt-icon-bg-off\" style=\"margin-top:0px; margin-bottom:0px; margin-left:0px; margin-right:0px; width:500px;\"><div class=\"shortcode-single-image\"><div class=\"fancy-media-wrap  layzr-bg\" style=\"border-radius:150px;\"><img fetchpriority=\"high\" decoding=\"async\" class=\"preload-me lazy-load aspect\" src=\"data:image\/svg+xml,%3Csvg%20xmlns%3D&#39;http%3A%2F%2Fwww.w3.org%2F2000%2Fsvg&#39;%20viewBox%3D&#39;0%200%20282%20282&#39;%2F%3E\" data-src=\"https:\/\/tiharibolov.hr\/wp-content\/uploads\/2024\/04\/srdela-282x282.jpg\" data-srcset=\"https:\/\/tiharibolov.hr\/wp-content\/uploads\/2024\/04\/srdela-282x282.jpg 282w\" loading=\"eager\" sizes=\"(max-width: 282px) 100vw, 282px\" width=\"282\" height=\"282\"  data-dt-location=\"https:\/\/tiharibolov.hr\/en\/home\/srdela-2\/\" style=\"--ratio: 282 \/ 282;border-radius:150px;\" alt=\"jadranska-riba\" \/><\/div><\/div><\/div>[vc_empty_space height=&#8221;50px&#8221;][\/vc_column][vc_column width=&#8221;7\/12&#8243; css=&#8221;.vc_custom_1712234284958{border-left-width: 2px !important;padding-right: 50px !important;padding-left: 50px !important;border-left-color: #dddddd !important;border-left-style: dashed !important;}&#8221;][vc_column_text css=&#8221;&#8221;]<\/p>\n<p style=\"font-size: 16px;\">In Croatia, it is also known as &#8220;sardina&#8221;, &#8220;sr\u0111ela&#8221;, &#8220;\u0161ardela&#8221;, and in some places as &#8220;\u0161tijavica&#8221; or &#8220;acorn&#8221;. The sardine is an elongated fish with flattened sides, the upper part of the body blue-green and the lower part silver. There are several black spots on the flanks, and a star-like notch on the gill flaps. Its body is covered with rather large scales. Sardines grow up to 25 cm in length and 8 dkg in weight, while the average weight is around 3dkg<\/p>\n<p>&nbsp;<\/p>\n<p style=\"font-size: 16px;\">It is a pelagic fish, which means that it is constantly on the move, so it does not have a permanent place of residence or depth at which it lives. It moves mostly in shoals above shelly, coral and stony bottoms or those overgrown with algae. Its concentration in the Adriatic is greatest around the western coast of Istria, the Lo\u0161inj archipelago, east of the island of Olib, the outer side of Dugi otok, the Paklin Islands, Vis and Palagru\u017ea, the southern end of the coast of Pelje\u0161ac and the islands of Mljet and Lastovo.<\/p>\n<p>&nbsp;<\/p>\n<p style=\"font-size: 16px;\">It is most often caught with seine nets and accounts for about 60% of the total fish catch in the Adriatic. It feeds on plankton and other small marine organisms and it spawns in the colder winter months when it retreats further from the coast into the depths of the sea and releases huge quantities of eggs that float on the surface. That&#8217;s why it is very difficult to catch her in those months.<\/p>\n<p>&nbsp;<\/p>\n<p style=\"font-size: 16px;\">The sardine is considered the queen of fish. It belongs to the blue fish category and is rich in unsaturated amino acids omega-3 and omega-6, which makes it very healthy. It has tasty meat, easily digestible, rich in proteins, carbohydrates, fats, vitamins (especially A, D and E) and minerals. Therefore it is in great demand and among the cheapest fish that can be obtained fresh. It is often preserved under the name &#8220;Sardine&#8221;, which makes it one of the famous salted delicacies.<\/p>\n<p>[\/vc_column_text][\/vc_column][vc_column width=&#8221;1\/12&#8243; css=&#8221;.vc_custom_1686225009730{padding-bottom: 30px !important;}&#8221;][\/vc_column][\/vc_row][vc_row equal_height=&#8221;yes&#8221; content_placement=&#8221;middle&#8221; css=&#8221;.vc_custom_1715076644304{padding-top: 80px !important;padding-bottom: 80px !important;}&#8221;][vc_column width=&#8221;1\/3&#8243; css=&#8221;.vc_custom_1714332307615{background-color: #ffb128 !important;}&#8221; el_class=&#8221;left_radius&#8221;][vc_column_text css=&#8221;.vc_custom_1716896678225{padding-top: 50px !important;padding-right: 50px !important;padding-bottom: 50px !important;padding-left: 50px !important;}&#8221;]<\/p>\n<h2><span style=\"color: #ffffff;\">Contact us<\/span><\/h2>\n<h4>Call us or send an inquiry.<\/h4>\n<p>[\/vc_column_text][\/vc_column][vc_column width=&#8221;2\/3&#8243; css=&#8221;.vc_custom_1714332859541{padding-top: 50px !important;padding-right: 50px !important;padding-bottom: 50px !important;padding-left: 50px !important;background-color: #0b3954 !important;}&#8221;][vc_row_inner content_placement=&#8221;middle&#8221;][vc_column_inner width=&#8221;2\/3&#8243;][vc_column_text css=&#8221;&#8221;]<span style=\"color: #ffffff;\">Fill out the contact form and send an inquiry. We will try to answer you as soon as possible. Tiha Ribolov d.o.o.<\/span>[\/vc_column_text]<div class=\"ult-spacer spacer-69d4927f79f11\" data-id=\"69d4927f79f11\" data-height=\"0\" data-height-mobile=\"40\" data-height-tab=\"0\" data-height-tab-portrait=\"0\" data-height-mobile-landscape=\"40\" style=\"clear:both;display:block;\"><\/div>[\/vc_column_inner][vc_column_inner width=&#8221;1\/3&#8243;]<style type=\"text\/css\" data-type=\"the7_shortcodes-inline-css\">#default-btn-5fe2d0a2c3b2c0b8705e4af97656450b.ico-right-side > i {\n  margin-right: 0px;\n  margin-left: 8px;\n}\n#default-btn-5fe2d0a2c3b2c0b8705e4af97656450b > i {\n  margin-right: 8px;\n}\n<\/style><a href=\"https:\/\/tiharibolov.hr\/kontakt\/\" class=\"default-btn-shortcode dt-btn dt-btn-m link-hover-off btn-inline-left \" id=\"default-btn-5fe2d0a2c3b2c0b8705e4af97656450b\" title=\"Kontakt\"><span>Contact us<\/span><\/a>[\/vc_column_inner][\/vc_row_inner][\/vc_column][\/vc_row]<\/p>\n<\/div>","protected":false},"excerpt":{"rendered":"<p>[vc_row content_placement=&#8221;top&#8221; css=&#8221;.vc_custom_1712231557180{margin-bottom: 0px !important;border-bottom-width: 0px !important;padding-top: 70px !important;padding-bottom: 0px !important;}&#8221;][vc_column width=&#8221;1\/12&#8243;][\/vc_column][vc_column width=&#8221;1\/4&#8243; css=&#8221;.vc_custom_1686220013199{padding-right: 30px !important;padding-left: 30px !important;}&#8221;][\/vc_column][vc_column width=&#8221;7\/12&#8243; css=&#8221;.vc_custom_1712234245337{border-left-width: 2px !important;padding-right: 50px !important;padding-left: 50px !important;border-left-color: #dddddd !important;border-left-style: dashed !important;}&#8221;][vc_column_text css=&#8221;&#8221; el_class=&#8221;letter_spacing&#8221;] SARDINE [\/vc_column_text][vc_empty_space][\/vc_column][vc_column width=&#8221;1\/12&#8243;][\/vc_column][\/vc_row][vc_row css=&#8221;.vc_custom_1715777485876{margin-bottom: 0px !important;border-bottom-width: 0px !important;padding-bottom: 0px !important;}&#8221;][vc_column width=&#8221;1\/12&#8243;][\/vc_column][vc_column width=&#8221;1\/4&#8243; css=&#8221;.vc_custom_1712234262921{padding-right: 50px !important;padding-left: 50px !important;}&#8221;][vc_empty_space height=&#8221;20px&#8221;][vc_empty_space height=&#8221;50px&#8221;][\/vc_column][vc_column width=&#8221;7\/12&#8243; css=&#8221;.vc_custom_1712234284958{border-left-width: 2px !important;padding-right:&hellip;<\/p>\n","protected":false},"author":1,"featured_media":0,"parent":1293,"menu_order":1,"comment_status":"closed","ping_status":"closed","template":"","meta":{"footnotes":""},"class_list":["post-1374","page","type-page","status-publish","hentry","description-off"],"yoast_head":"<!-- This site is optimized with the Yoast SEO plugin v22.8 - https:\/\/yoast.com\/wordpress\/plugins\/seo\/ -->\n<title>Sardine - Tiha Ribolov<\/title>\n<meta name=\"description\" content=\"U Hrvatskoj je jo\u0161 poznata kao sardina, sr\u0111ela, \u0161ardela, a ponegdje kao \u0161tijavica ili \u017eir. Srdela je riba izdu\u017eena tijela koje je na bokovima spljo\u0161teno.\" \/>\n<meta name=\"robots\" content=\"index, follow, max-snippet:-1, max-image-preview:large, max-video-preview:-1\" \/>\n<link rel=\"canonical\" href=\"https:\/\/tiharibolov.hr\/en\/nasa-ponuda\/srdela\/\" \/>\n<meta property=\"og:locale\" content=\"en_US\" \/>\n<meta property=\"og:type\" content=\"article\" \/>\n<meta property=\"og:title\" content=\"Sardine - Tiha Ribolov\" \/>\n<meta property=\"og:description\" content=\"U Hrvatskoj je jo\u0161 poznata kao sardina, sr\u0111ela, \u0161ardela, a ponegdje kao \u0161tijavica ili \u017eir. Srdela je riba izdu\u017eena tijela koje je na bokovima spljo\u0161teno.\" \/>\n<meta property=\"og:url\" content=\"https:\/\/tiharibolov.hr\/en\/nasa-ponuda\/srdela\/\" \/>\n<meta property=\"og:site_name\" content=\"Tiha Ribolov\" \/>\n<meta property=\"article:modified_time\" content=\"2024-05-28T11:44:56+00:00\" \/>\n<meta name=\"twitter:card\" content=\"summary_large_image\" \/>\n<meta name=\"twitter:label1\" content=\"Est. reading time\" \/>\n\t<meta name=\"twitter:data1\" content=\"3 minutes\" \/>\n<script type=\"application\/ld+json\" class=\"yoast-schema-graph\">{\"@context\":\"https:\/\/schema.org\",\"@graph\":[{\"@type\":\"WebPage\",\"@id\":\"https:\/\/tiharibolov.hr\/en\/nasa-ponuda\/srdela\/\",\"url\":\"https:\/\/tiharibolov.hr\/en\/nasa-ponuda\/srdela\/\",\"name\":\"Sardine - Tiha Ribolov\",\"isPartOf\":{\"@id\":\"https:\/\/tiharibolov.hr\/en\/#website\"},\"datePublished\":\"2024-05-15T12:59:01+00:00\",\"dateModified\":\"2024-05-28T11:44:56+00:00\",\"description\":\"U Hrvatskoj je jo\u0161 poznata kao sardina, sr\u0111ela, \u0161ardela, a ponegdje kao \u0161tijavica ili \u017eir. Srdela je riba izdu\u017eena tijela koje je na bokovima spljo\u0161teno.\",\"breadcrumb\":{\"@id\":\"https:\/\/tiharibolov.hr\/en\/nasa-ponuda\/srdela\/#breadcrumb\"},\"inLanguage\":\"en-US\",\"potentialAction\":[{\"@type\":\"ReadAction\",\"target\":[[\"https:\/\/tiharibolov.hr\/en\/nasa-ponuda\/srdela\/\"]]}]},{\"@type\":\"BreadcrumbList\",\"@id\":\"https:\/\/tiharibolov.hr\/en\/nasa-ponuda\/srdela\/#breadcrumb\",\"itemListElement\":[{\"@type\":\"ListItem\",\"position\":1,\"name\":\"Home\",\"item\":\"https:\/\/tiharibolov.hr\/en\/\"},{\"@type\":\"ListItem\",\"position\":2,\"name\":\"Our offer\",\"item\":\"https:\/\/tiharibolov.hr\/en\/nasa-ponuda\/\"},{\"@type\":\"ListItem\",\"position\":3,\"name\":\"Sardine\"}]},{\"@type\":\"WebSite\",\"@id\":\"https:\/\/tiharibolov.hr\/en\/#website\",\"url\":\"https:\/\/tiharibolov.hr\/en\/\",\"name\":\"Tiha Ribolov\",\"description\":\"Top quality fish from the Adriatic Sea\",\"potentialAction\":[{\"@type\":\"SearchAction\",\"target\":{\"@type\":\"EntryPoint\",\"urlTemplate\":\"https:\/\/tiharibolov.hr\/en\/?s={search_term_string}\"},\"query-input\":\"required name=search_term_string\"}],\"inLanguage\":\"en-US\"}]}<\/script>\n<!-- \/ Yoast SEO plugin. -->","yoast_head_json":{"title":"Sardine - Tiha Ribolov","description":"U Hrvatskoj je jo\u0161 poznata kao sardina, sr\u0111ela, \u0161ardela, a ponegdje kao \u0161tijavica ili \u017eir. Srdela je riba izdu\u017eena tijela koje je na bokovima spljo\u0161teno.","robots":{"index":"index","follow":"follow","max-snippet":"max-snippet:-1","max-image-preview":"max-image-preview:large","max-video-preview":"max-video-preview:-1"},"canonical":"https:\/\/tiharibolov.hr\/en\/nasa-ponuda\/srdela\/","og_locale":"en_US","og_type":"article","og_title":"Sardine - Tiha Ribolov","og_description":"U Hrvatskoj je jo\u0161 poznata kao sardina, sr\u0111ela, \u0161ardela, a ponegdje kao \u0161tijavica ili \u017eir. Srdela je riba izdu\u017eena tijela koje je na bokovima spljo\u0161teno.","og_url":"https:\/\/tiharibolov.hr\/en\/nasa-ponuda\/srdela\/","og_site_name":"Tiha Ribolov","article_modified_time":"2024-05-28T11:44:56+00:00","twitter_card":"summary_large_image","twitter_misc":{"Est. reading time":"3 minutes"},"schema":{"@context":"https:\/\/schema.org","@graph":[{"@type":"WebPage","@id":"https:\/\/tiharibolov.hr\/en\/nasa-ponuda\/srdela\/","url":"https:\/\/tiharibolov.hr\/en\/nasa-ponuda\/srdela\/","name":"Sardine - Tiha Ribolov","isPartOf":{"@id":"https:\/\/tiharibolov.hr\/en\/#website"},"datePublished":"2024-05-15T12:59:01+00:00","dateModified":"2024-05-28T11:44:56+00:00","description":"U Hrvatskoj je jo\u0161 poznata kao sardina, sr\u0111ela, \u0161ardela, a ponegdje kao \u0161tijavica ili \u017eir. Srdela je riba izdu\u017eena tijela koje je na bokovima spljo\u0161teno.","breadcrumb":{"@id":"https:\/\/tiharibolov.hr\/en\/nasa-ponuda\/srdela\/#breadcrumb"},"inLanguage":"en-US","potentialAction":[{"@type":"ReadAction","target":[["https:\/\/tiharibolov.hr\/en\/nasa-ponuda\/srdela\/"]]}]},{"@type":"BreadcrumbList","@id":"https:\/\/tiharibolov.hr\/en\/nasa-ponuda\/srdela\/#breadcrumb","itemListElement":[{"@type":"ListItem","position":1,"name":"Home","item":"https:\/\/tiharibolov.hr\/en\/"},{"@type":"ListItem","position":2,"name":"Our offer","item":"https:\/\/tiharibolov.hr\/en\/nasa-ponuda\/"},{"@type":"ListItem","position":3,"name":"Sardine"}]},{"@type":"WebSite","@id":"https:\/\/tiharibolov.hr\/en\/#website","url":"https:\/\/tiharibolov.hr\/en\/","name":"Tiha Ribolov","description":"Top quality fish from the Adriatic Sea","potentialAction":[{"@type":"SearchAction","target":{"@type":"EntryPoint","urlTemplate":"https:\/\/tiharibolov.hr\/en\/?s={search_term_string}"},"query-input":"required name=search_term_string"}],"inLanguage":"en-US"}]}},"_links":{"self":[{"href":"https:\/\/tiharibolov.hr\/en\/wp-json\/wp\/v2\/pages\/1374","targetHints":{"allow":["GET"]}}],"collection":[{"href":"https:\/\/tiharibolov.hr\/en\/wp-json\/wp\/v2\/pages"}],"about":[{"href":"https:\/\/tiharibolov.hr\/en\/wp-json\/wp\/v2\/types\/page"}],"author":[{"embeddable":true,"href":"https:\/\/tiharibolov.hr\/en\/wp-json\/wp\/v2\/users\/1"}],"replies":[{"embeddable":true,"href":"https:\/\/tiharibolov.hr\/en\/wp-json\/wp\/v2\/comments?post=1374"}],"version-history":[{"count":3,"href":"https:\/\/tiharibolov.hr\/en\/wp-json\/wp\/v2\/pages\/1374\/revisions"}],"predecessor-version":[{"id":1421,"href":"https:\/\/tiharibolov.hr\/en\/wp-json\/wp\/v2\/pages\/1374\/revisions\/1421"}],"up":[{"embeddable":true,"href":"https:\/\/tiharibolov.hr\/en\/wp-json\/wp\/v2\/pages\/1293"}],"wp:attachment":[{"href":"https:\/\/tiharibolov.hr\/en\/wp-json\/wp\/v2\/media?parent=1374"}],"curies":[{"name":"wp","href":"https:\/\/api.w.org\/{rel}","templated":true}]}}