{"id":1374,"date":"2024-05-15T12:59:01","date_gmt":"2024-05-15T12:59:01","guid":{"rendered":"http:\/\/tiha.ignis-design.hr\/?page_id=1374"},"modified":"2024-05-28T11:44:56","modified_gmt":"2024-05-28T11:44:56","slug":"srdela","status":"publish","type":"page","link":"https:\/\/tiharibolov.hr\/it\/nasa-ponuda\/srdela\/","title":{"rendered":"Sardina"},"content":{"rendered":"<div class=\"wpb-content-wrapper\"><p>[vc_row content_placement=&#8221;top&#8221; css=&#8221;.vc_custom_1712231557180{margin-bottom: 0px !important;border-bottom-width: 0px !important;padding-top: 70px !important;padding-bottom: 0px !important;}&#8221;][vc_column width=&#8221;1\/12&#8243;][\/vc_column][vc_column width=&#8221;1\/4&#8243; css=&#8221;.vc_custom_1686220013199{padding-right: 30px !important;padding-left: 30px !important;}&#8221;][\/vc_column][vc_column width=&#8221;7\/12&#8243; css=&#8221;.vc_custom_1712234245337{border-left-width: 2px !important;padding-right: 50px !important;padding-left: 50px !important;border-left-color: #dddddd !important;border-left-style: dashed !important;}&#8221;]<div class=\"ult-spacer spacer-69d49251b675e\" data-id=\"69d49251b675e\" data-height=\"40\" data-height-mobile=\"0\" data-height-tab=\"40\" data-height-tab-portrait=\"40\" data-height-mobile-landscape=\"20\" style=\"clear:both;display:block;\"><\/div>[vc_column_text css=&#8221;&#8221; el_class=&#8221;letter_spacing&#8221;]<\/p>\n<h1>SARDINA<\/h1>\n<p>[\/vc_column_text][vc_empty_space][\/vc_column][vc_column width=&#8221;1\/12&#8243;][\/vc_column][\/vc_row][vc_row css=&#8221;.vc_custom_1715777485876{margin-bottom: 0px !important;border-bottom-width: 0px !important;padding-bottom: 0px !important;}&#8221;][vc_column width=&#8221;1\/12&#8243;][\/vc_column][vc_column width=&#8221;1\/4&#8243; css=&#8221;.vc_custom_1712234262921{padding-right: 50px !important;padding-left: 50px !important;}&#8221;][vc_empty_space height=&#8221;20px&#8221;]<style type=\"text\/css\" data-type=\"the7_shortcodes-inline-css\">.shortcode-single-image-wrap.shortcode-single-image-e14c86444210677d8a9845505e42cc4a.enable-bg-rollover .rollover i,\n.shortcode-single-image-wrap.shortcode-single-image-e14c86444210677d8a9845505e42cc4a.enable-bg-rollover .rollover-video i {\n  background: -webkit-linear-gradient();\n  background: linear-gradient();\n}\n.shortcode-single-image-wrap.shortcode-single-image-e14c86444210677d8a9845505e42cc4a .rollover-icon {\n  font-size: 32px;\n  color: #ffffff;\n  min-width: 44px;\n  min-height: 44px;\n  line-height: 44px;\n  border-radius: 100px;\n  border-style: solid;\n  border-width: 0px;\n}\n.dt-icon-bg-on.shortcode-single-image-wrap.shortcode-single-image-e14c86444210677d8a9845505e42cc4a .rollover-icon {\n  background: rgba(255,255,255,0.3);\n  box-shadow: none;\n}\n<\/style><div class=\"shortcode-single-image-wrap shortcode-single-image-e14c86444210677d8a9845505e42cc4a alignnone  enable-bg-rollover dt-icon-bg-off\" style=\"margin-top:0px; margin-bottom:0px; margin-left:0px; margin-right:0px; width:500px;\"><div class=\"shortcode-single-image\"><div class=\"fancy-media-wrap  layzr-bg\" style=\"border-radius:150px;\"><img fetchpriority=\"high\" decoding=\"async\" class=\"preload-me lazy-load aspect\" src=\"data:image\/svg+xml,%3Csvg%20xmlns%3D&#39;http%3A%2F%2Fwww.w3.org%2F2000%2Fsvg&#39;%20viewBox%3D&#39;0%200%20282%20282&#39;%2F%3E\" data-src=\"https:\/\/tiharibolov.hr\/wp-content\/uploads\/2024\/04\/srdela-282x282.jpg\" data-srcset=\"https:\/\/tiharibolov.hr\/wp-content\/uploads\/2024\/04\/srdela-282x282.jpg 282w\" loading=\"eager\" sizes=\"(max-width: 282px) 100vw, 282px\" width=\"282\" height=\"282\"  data-dt-location=\"https:\/\/tiharibolov.hr\/it\/home\/srdela-2\/\" style=\"--ratio: 282 \/ 282;border-radius:150px;\" alt=\"jadranska-riba\" \/><\/div><\/div><\/div>[vc_empty_space height=&#8221;50px&#8221;][\/vc_column][vc_column width=&#8221;7\/12&#8243; css=&#8221;.vc_custom_1712234284958{border-left-width: 2px !important;padding-right: 50px !important;padding-left: 50px !important;border-left-color: #dddddd !important;border-left-style: dashed !important;}&#8221;][vc_column_text css=&#8221;&#8221;]<\/p>\n<p style=\"font-size: 16px;\">\u00c8 un pesce con il corpo allungato e appiattito sui fianchi. Ha il dorso blu-verdastro, petto argentato, fianchi blu con diverse macchie nere e coperture branchiali con tappe a forma di stella. Il suo corpo \u00e8 coperto di squame piuttosto grandi. Le sardine crescono fino ad un massimo di 25 cm di lunghezza e 8 dkg di peso, mentre il peso medio \u00e8 di cca 3 dkg.<\/p>\n<p>&nbsp;<\/p>\n<p style=\"font-size: 16px;\">\u00c8 un pesce pelagico, il che significa che \u00e8 costantemente in movimento in modo che non ci siano residenze permanenti o profondit\u00e0 in cui vive. Si muove in gruppi per lo pi\u00f9 sopra il fondo sbucciato, coralloso e roccioso quello invaso da alghe. La sua concentrazione nell\u2019Adriatico \u00e8 la pi\u00f9 grande intorno alla costa occidentale dell\u2019Istria, l\u2019arcipelago di Lussino, a est dell\u2019isola di Olib, all\u2019esterno dell\u2019isola Lunga, le isole Paklin, Vis e Palagru\u017ea, l\u2019estremit\u00e0 meridionale della costa di Pelje\u0161ac e le isole di Mljet e Lastovo.<\/p>\n<p>&nbsp;<\/p>\n<p style=\"font-size: 16px;\">Si nutre di plankton e altri piccoli organismi marini. Il suo ciclo riproduttivo inizia nei mesi invernali pi\u00f9 freddi quando si ritira ulteriormente dalla riva nelle profondit\u00e0 del mare con rilascio di enormi quantit\u00e0 di uova che galleggiano sulla superficie del mare, quindi difficile da cacciare in questo periodo.<\/p>\n<p>&nbsp;<\/p>\n<p style=\"font-size: 16px;\">La sardina \u00e8 considerata la regina del pesce. Appartiene al pesce azzurro ed \u00e8 ricca di amminoacidi insaturi omega-3 e omega-6, come anche proteine, carboidrati, vitamine (in particolare A, D e E) e minerali. Quindi ha un ricco apporto nutritivo ed \u00e8 facilmente digeribile, molto ricercata perch\u00e9 tra I pesci pi\u00f9 economici che possono essere ottenuti freschi. \u00c8 cacciata con le lampare e occupa il 60% del pesce pescato totale dell\u2019Adriatico.<\/p>\n<p>[\/vc_column_text][\/vc_column][vc_column width=&#8221;1\/12&#8243; css=&#8221;.vc_custom_1686225009730{padding-bottom: 30px !important;}&#8221;][\/vc_column][\/vc_row][vc_row equal_height=&#8221;yes&#8221; content_placement=&#8221;middle&#8221; css=&#8221;.vc_custom_1715076644304{padding-top: 80px !important;padding-bottom: 80px !important;}&#8221;][vc_column width=&#8221;1\/3&#8243; css=&#8221;.vc_custom_1714332307615{background-color: #ffb128 !important;}&#8221; el_class=&#8221;left_radius&#8221;][vc_column_text css=&#8221;.vc_custom_1716896492188{padding-top: 50px !important;padding-right: 50px !important;padding-bottom: 50px !important;padding-left: 50px !important;}&#8221;]<\/p>\n<h2><span style=\"color: #ffffff;\">Contatto<\/span><\/h2>\n<h4>Chiamaci o invia una richiesta.<\/h4>\n<p>[\/vc_column_text][\/vc_column][vc_column width=&#8221;2\/3&#8243; css=&#8221;.vc_custom_1714332859541{padding-top: 50px !important;padding-right: 50px !important;padding-bottom: 50px !important;padding-left: 50px !important;background-color: #0b3954 !important;}&#8221;][vc_row_inner content_placement=&#8221;middle&#8221;][vc_column_inner width=&#8221;2\/3&#8243;][vc_column_text css=&#8221;&#8221;]<span style=\"color: #ffffff;\">Compila il modulo di contatto e invia una richiesta. Cercheremo di risponderti il prima possibile. Tiha Ribolov d.o.o.<\/span>[\/vc_column_text]<div class=\"ult-spacer spacer-69d49251b6c0c\" data-id=\"69d49251b6c0c\" data-height=\"0\" data-height-mobile=\"40\" data-height-tab=\"0\" data-height-tab-portrait=\"0\" data-height-mobile-landscape=\"40\" style=\"clear:both;display:block;\"><\/div>[\/vc_column_inner][vc_column_inner width=&#8221;1\/3&#8243;]<style type=\"text\/css\" data-type=\"the7_shortcodes-inline-css\">#default-btn-5fe2d0a2c3b2c0b8705e4af97656450b.ico-right-side > i {\n  margin-right: 0px;\n  margin-left: 8px;\n}\n#default-btn-5fe2d0a2c3b2c0b8705e4af97656450b > i {\n  margin-right: 8px;\n}\n<\/style><a href=\"https:\/\/tiharibolov.hr\/kontakt\/\" class=\"default-btn-shortcode dt-btn dt-btn-m link-hover-off btn-inline-left \" id=\"default-btn-5fe2d0a2c3b2c0b8705e4af97656450b\" title=\"Kontakt\"><span>Contattaci<\/span><\/a>[\/vc_column_inner][\/vc_row_inner][\/vc_column][\/vc_row]<\/p>\n<\/div>","protected":false},"excerpt":{"rendered":"<p>[vc_row content_placement=&#8221;top&#8221; css=&#8221;.vc_custom_1712231557180{margin-bottom: 0px !important;border-bottom-width: 0px !important;padding-top: 70px !important;padding-bottom: 0px !important;}&#8221;][vc_column width=&#8221;1\/12&#8243;][\/vc_column][vc_column width=&#8221;1\/4&#8243; css=&#8221;.vc_custom_1686220013199{padding-right: 30px !important;padding-left: 30px !important;}&#8221;][\/vc_column][vc_column width=&#8221;7\/12&#8243; css=&#8221;.vc_custom_1712234245337{border-left-width: 2px !important;padding-right: 50px !important;padding-left: 50px !important;border-left-color: #dddddd !important;border-left-style: dashed !important;}&#8221;][vc_column_text css=&#8221;&#8221; el_class=&#8221;letter_spacing&#8221;] SARDINA [\/vc_column_text][vc_empty_space][\/vc_column][vc_column width=&#8221;1\/12&#8243;][\/vc_column][\/vc_row][vc_row css=&#8221;.vc_custom_1715777485876{margin-bottom: 0px !important;border-bottom-width: 0px !important;padding-bottom: 0px !important;}&#8221;][vc_column width=&#8221;1\/12&#8243;][\/vc_column][vc_column width=&#8221;1\/4&#8243; css=&#8221;.vc_custom_1712234262921{padding-right: 50px !important;padding-left: 50px !important;}&#8221;][vc_empty_space height=&#8221;20px&#8221;][vc_empty_space height=&#8221;50px&#8221;][\/vc_column][vc_column width=&#8221;7\/12&#8243; css=&#8221;.vc_custom_1712234284958{border-left-width: 2px !important;padding-right:&hellip;<\/p>\n","protected":false},"author":1,"featured_media":0,"parent":1293,"menu_order":1,"comment_status":"closed","ping_status":"closed","template":"","meta":{"footnotes":""},"class_list":["post-1374","page","type-page","status-publish","hentry","description-off"],"yoast_head":"<!-- This site is optimized with the Yoast SEO plugin v22.8 - https:\/\/yoast.com\/wordpress\/plugins\/seo\/ -->\n<title>Sardina - Tiha Ribolov<\/title>\n<meta name=\"description\" content=\"U Hrvatskoj je jo\u0161 poznata kao sardina, sr\u0111ela, \u0161ardela, a ponegdje kao \u0161tijavica ili \u017eir. Srdela je riba izdu\u017eena tijela koje je na bokovima spljo\u0161teno.\" \/>\n<meta name=\"robots\" content=\"index, follow, max-snippet:-1, max-image-preview:large, max-video-preview:-1\" \/>\n<link rel=\"canonical\" href=\"https:\/\/tiharibolov.hr\/it\/nasa-ponuda\/srdela\/\" \/>\n<meta property=\"og:locale\" content=\"it_IT\" \/>\n<meta property=\"og:type\" content=\"article\" \/>\n<meta property=\"og:title\" content=\"Sardina - Tiha Ribolov\" \/>\n<meta property=\"og:description\" content=\"U Hrvatskoj je jo\u0161 poznata kao sardina, sr\u0111ela, \u0161ardela, a ponegdje kao \u0161tijavica ili \u017eir. Srdela je riba izdu\u017eena tijela koje je na bokovima spljo\u0161teno.\" \/>\n<meta property=\"og:url\" content=\"https:\/\/tiharibolov.hr\/it\/nasa-ponuda\/srdela\/\" \/>\n<meta property=\"og:site_name\" content=\"Tiha Ribolov\" \/>\n<meta property=\"article:modified_time\" content=\"2024-05-28T11:44:56+00:00\" \/>\n<meta name=\"twitter:card\" content=\"summary_large_image\" \/>\n<meta name=\"twitter:label1\" content=\"Tempo di lettura stimato\" \/>\n\t<meta name=\"twitter:data1\" content=\"3 minuti\" \/>\n<script type=\"application\/ld+json\" class=\"yoast-schema-graph\">{\"@context\":\"https:\/\/schema.org\",\"@graph\":[{\"@type\":\"WebPage\",\"@id\":\"https:\/\/tiharibolov.hr\/it\/nasa-ponuda\/srdela\/\",\"url\":\"https:\/\/tiharibolov.hr\/it\/nasa-ponuda\/srdela\/\",\"name\":\"Sardina - Tiha Ribolov\",\"isPartOf\":{\"@id\":\"https:\/\/tiharibolov.hr\/it\/#website\"},\"datePublished\":\"2024-05-15T12:59:01+00:00\",\"dateModified\":\"2024-05-28T11:44:56+00:00\",\"description\":\"U Hrvatskoj je jo\u0161 poznata kao sardina, sr\u0111ela, \u0161ardela, a ponegdje kao \u0161tijavica ili \u017eir. Srdela je riba izdu\u017eena tijela koje je na bokovima spljo\u0161teno.\",\"breadcrumb\":{\"@id\":\"https:\/\/tiharibolov.hr\/it\/nasa-ponuda\/srdela\/#breadcrumb\"},\"inLanguage\":\"it-IT\",\"potentialAction\":[{\"@type\":\"ReadAction\",\"target\":[[\"https:\/\/tiharibolov.hr\/it\/nasa-ponuda\/srdela\/\"]]}]},{\"@type\":\"BreadcrumbList\",\"@id\":\"https:\/\/tiharibolov.hr\/it\/nasa-ponuda\/srdela\/#breadcrumb\",\"itemListElement\":[{\"@type\":\"ListItem\",\"position\":1,\"name\":\"Home\",\"item\":\"https:\/\/tiharibolov.hr\/it\/\"},{\"@type\":\"ListItem\",\"position\":2,\"name\":\"Our offer\",\"item\":\"https:\/\/tiharibolov.hr\/it\/nasa-ponuda\/\"},{\"@type\":\"ListItem\",\"position\":3,\"name\":\"Sardine\"}]},{\"@type\":\"WebSite\",\"@id\":\"https:\/\/tiharibolov.hr\/it\/#website\",\"url\":\"https:\/\/tiharibolov.hr\/it\/\",\"name\":\"Tiha Ribolov\",\"description\":\"Pesce di prima qualit\u00e0 del Mar Adriatico\",\"potentialAction\":[{\"@type\":\"SearchAction\",\"target\":{\"@type\":\"EntryPoint\",\"urlTemplate\":\"https:\/\/tiharibolov.hr\/it\/?s={search_term_string}\"},\"query-input\":\"required name=search_term_string\"}],\"inLanguage\":\"it-IT\"}]}<\/script>\n<!-- \/ Yoast SEO plugin. -->","yoast_head_json":{"title":"Sardina - Tiha Ribolov","description":"U Hrvatskoj je jo\u0161 poznata kao sardina, sr\u0111ela, \u0161ardela, a ponegdje kao \u0161tijavica ili \u017eir. Srdela je riba izdu\u017eena tijela koje je na bokovima spljo\u0161teno.","robots":{"index":"index","follow":"follow","max-snippet":"max-snippet:-1","max-image-preview":"max-image-preview:large","max-video-preview":"max-video-preview:-1"},"canonical":"https:\/\/tiharibolov.hr\/it\/nasa-ponuda\/srdela\/","og_locale":"it_IT","og_type":"article","og_title":"Sardina - Tiha Ribolov","og_description":"U Hrvatskoj je jo\u0161 poznata kao sardina, sr\u0111ela, \u0161ardela, a ponegdje kao \u0161tijavica ili \u017eir. Srdela je riba izdu\u017eena tijela koje je na bokovima spljo\u0161teno.","og_url":"https:\/\/tiharibolov.hr\/it\/nasa-ponuda\/srdela\/","og_site_name":"Tiha Ribolov","article_modified_time":"2024-05-28T11:44:56+00:00","twitter_card":"summary_large_image","twitter_misc":{"Tempo di lettura stimato":"3 minuti"},"schema":{"@context":"https:\/\/schema.org","@graph":[{"@type":"WebPage","@id":"https:\/\/tiharibolov.hr\/it\/nasa-ponuda\/srdela\/","url":"https:\/\/tiharibolov.hr\/it\/nasa-ponuda\/srdela\/","name":"Sardina - Tiha Ribolov","isPartOf":{"@id":"https:\/\/tiharibolov.hr\/it\/#website"},"datePublished":"2024-05-15T12:59:01+00:00","dateModified":"2024-05-28T11:44:56+00:00","description":"U Hrvatskoj je jo\u0161 poznata kao sardina, sr\u0111ela, \u0161ardela, a ponegdje kao \u0161tijavica ili \u017eir. Srdela je riba izdu\u017eena tijela koje je na bokovima spljo\u0161teno.","breadcrumb":{"@id":"https:\/\/tiharibolov.hr\/it\/nasa-ponuda\/srdela\/#breadcrumb"},"inLanguage":"it-IT","potentialAction":[{"@type":"ReadAction","target":[["https:\/\/tiharibolov.hr\/it\/nasa-ponuda\/srdela\/"]]}]},{"@type":"BreadcrumbList","@id":"https:\/\/tiharibolov.hr\/it\/nasa-ponuda\/srdela\/#breadcrumb","itemListElement":[{"@type":"ListItem","position":1,"name":"Home","item":"https:\/\/tiharibolov.hr\/it\/"},{"@type":"ListItem","position":2,"name":"Our offer","item":"https:\/\/tiharibolov.hr\/it\/nasa-ponuda\/"},{"@type":"ListItem","position":3,"name":"Sardine"}]},{"@type":"WebSite","@id":"https:\/\/tiharibolov.hr\/it\/#website","url":"https:\/\/tiharibolov.hr\/it\/","name":"Tiha Ribolov","description":"Pesce di prima qualit\u00e0 del Mar Adriatico","potentialAction":[{"@type":"SearchAction","target":{"@type":"EntryPoint","urlTemplate":"https:\/\/tiharibolov.hr\/it\/?s={search_term_string}"},"query-input":"required name=search_term_string"}],"inLanguage":"it-IT"}]}},"_links":{"self":[{"href":"https:\/\/tiharibolov.hr\/it\/wp-json\/wp\/v2\/pages\/1374","targetHints":{"allow":["GET"]}}],"collection":[{"href":"https:\/\/tiharibolov.hr\/it\/wp-json\/wp\/v2\/pages"}],"about":[{"href":"https:\/\/tiharibolov.hr\/it\/wp-json\/wp\/v2\/types\/page"}],"author":[{"embeddable":true,"href":"https:\/\/tiharibolov.hr\/it\/wp-json\/wp\/v2\/users\/1"}],"replies":[{"embeddable":true,"href":"https:\/\/tiharibolov.hr\/it\/wp-json\/wp\/v2\/comments?post=1374"}],"version-history":[{"count":3,"href":"https:\/\/tiharibolov.hr\/it\/wp-json\/wp\/v2\/pages\/1374\/revisions"}],"predecessor-version":[{"id":1421,"href":"https:\/\/tiharibolov.hr\/it\/wp-json\/wp\/v2\/pages\/1374\/revisions\/1421"}],"up":[{"embeddable":true,"href":"https:\/\/tiharibolov.hr\/it\/wp-json\/wp\/v2\/pages\/1293"}],"wp:attachment":[{"href":"https:\/\/tiharibolov.hr\/it\/wp-json\/wp\/v2\/media?parent=1374"}],"curies":[{"name":"wp","href":"https:\/\/api.w.org\/{rel}","templated":true}]}}