{"id":1381,"date":"2024-05-15T13:04:19","date_gmt":"2024-05-15T13:04:19","guid":{"rendered":"http:\/\/tiha.ignis-design.hr\/?page_id=1381"},"modified":"2024-05-28T11:23:09","modified_gmt":"2024-05-28T11:23:09","slug":"bukva","status":"publish","type":"page","link":"https:\/\/tiharibolov.hr\/it\/nasa-ponuda\/bukva\/","title":{"rendered":"Boga"},"content":{"rendered":"<div class=\"wpb-content-wrapper\"><p>[vc_row content_placement=&#8221;top&#8221; css=&#8221;.vc_custom_1712231557180{margin-bottom: 0px !important;border-bottom-width: 0px !important;padding-top: 70px !important;padding-bottom: 0px !important;}&#8221;][vc_column width=&#8221;1\/12&#8243;][\/vc_column][vc_column width=&#8221;1\/4&#8243; css=&#8221;.vc_custom_1686220013199{padding-right: 30px !important;padding-left: 30px !important;}&#8221;][\/vc_column][vc_column width=&#8221;7\/12&#8243; css=&#8221;.vc_custom_1712234245337{border-left-width: 2px !important;padding-right: 50px !important;padding-left: 50px !important;border-left-color: #dddddd !important;border-left-style: dashed !important;}&#8221;]<div class=\"ult-spacer spacer-69d4927762ba0\" data-id=\"69d4927762ba0\" data-height=\"40\" data-height-mobile=\"0\" data-height-tab=\"40\" data-height-tab-portrait=\"40\" data-height-mobile-landscape=\"20\" style=\"clear:both;display:block;\"><\/div>[vc_column_text css=&#8221;&#8221; el_class=&#8221;letter_spacing&#8221;]<\/p>\n<h1>BOGA<\/h1>\n<p>[\/vc_column_text][vc_empty_space][\/vc_column][vc_column width=&#8221;1\/12&#8243;][\/vc_column][\/vc_row][vc_row css=&#8221;.vc_custom_1715777485876{margin-bottom: 0px !important;border-bottom-width: 0px !important;padding-bottom: 0px !important;}&#8221;][vc_column width=&#8221;1\/12&#8243;][\/vc_column][vc_column width=&#8221;1\/4&#8243; css=&#8221;.vc_custom_1712234262921{padding-right: 50px !important;padding-left: 50px !important;}&#8221;][vc_empty_space height=&#8221;20px&#8221;]<style type=\"text\/css\" data-type=\"the7_shortcodes-inline-css\">.shortcode-single-image-wrap.shortcode-single-image-2a6f5dde1d1e914507b9919fa4f6bc5a.enable-bg-rollover .rollover i,\n.shortcode-single-image-wrap.shortcode-single-image-2a6f5dde1d1e914507b9919fa4f6bc5a.enable-bg-rollover .rollover-video i {\n  background: -webkit-linear-gradient();\n  background: linear-gradient();\n}\n.shortcode-single-image-wrap.shortcode-single-image-2a6f5dde1d1e914507b9919fa4f6bc5a .rollover-icon {\n  font-size: 32px;\n  color: #ffffff;\n  min-width: 44px;\n  min-height: 44px;\n  line-height: 44px;\n  border-radius: 100px;\n  border-style: solid;\n  border-width: 0px;\n}\n.dt-icon-bg-on.shortcode-single-image-wrap.shortcode-single-image-2a6f5dde1d1e914507b9919fa4f6bc5a .rollover-icon {\n  background: rgba(255,255,255,0.3);\n  box-shadow: none;\n}\n<\/style><div class=\"shortcode-single-image-wrap shortcode-single-image-2a6f5dde1d1e914507b9919fa4f6bc5a alignnone  enable-bg-rollover dt-icon-bg-off\" style=\"margin-top:0px; margin-bottom:0px; margin-left:0px; margin-right:0px; width:500px;\"><div class=\"shortcode-single-image\"><div class=\"fancy-media-wrap  layzr-bg\" style=\"border-radius:150px;\"><img fetchpriority=\"high\" decoding=\"async\" class=\"preload-me lazy-load aspect\" src=\"data:image\/svg+xml,%3Csvg%20xmlns%3D&#39;http%3A%2F%2Fwww.w3.org%2F2000%2Fsvg&#39;%20viewBox%3D&#39;0%200%20354%20354&#39;%2F%3E\" data-src=\"https:\/\/tiharibolov.hr\/wp-content\/uploads\/2024\/04\/bukva-354x354.png\" data-srcset=\"https:\/\/tiharibolov.hr\/wp-content\/uploads\/2024\/04\/bukva-354x354.png 354w\" loading=\"eager\" sizes=\"(max-width: 354px) 100vw, 354px\" width=\"354\" height=\"354\"  data-dt-location=\"https:\/\/tiharibolov.hr\/it\/home\/bukva-2\/\" style=\"--ratio: 354 \/ 354;border-radius:150px;\" alt=\"jadranska-riba\" \/><\/div><\/div><\/div>[vc_empty_space height=&#8221;50px&#8221;][\/vc_column][vc_column width=&#8221;7\/12&#8243; css=&#8221;.vc_custom_1712234284958{border-left-width: 2px !important;padding-right: 50px !important;padding-left: 50px !important;border-left-color: #dddddd !important;border-left-style: dashed !important;}&#8221;][vc_column_text css=&#8221;&#8221;]<\/p>\n<p style=\"font-size: 16px;\">Oltre al nome boga, in Croazia si conoscono oltre venti altri nomi di questo pesce: &#8221;bugva&#8221;, &#8221;boba&#8221;, &#8221;buba&#8221;, &#8221;bukvina&#8221;&#8230; ed \u00e8 uno dei pesci pi\u00f9 numerosi dell&#8217;Adriatico e del Mediterraneo. Il suo corpo \u00e8 allungato, a forma di fuso, ricoperto di piccole squame, con occhi molto prominenti sulla testa. Infatti, il suo nome deriva dagli occhi, che sono molto grandi rispetto al resto del corpo.<\/p>\n<p>&nbsp;<\/p>\n<p style=\"font-size: 16px;\">La parte superiore del corpo \u00e8 grigio-verde blu, i lati sono grigi con tre o quattro strisce dorate longitudinali mentre il ventre e bianco. Crescono fino a 35 cm di lunghezza con un peso di circa mezzo chilo. Vive in grandi stormi e si nutre di una variet\u00e0 di alimenti, il pi\u00f9 delle volte plancton, alghe e piccoli gamberetti del fondale marino.<\/p>\n<p>&nbsp;<\/p>\n<p style=\"font-size: 16px;\">Il suo corpo \u00e8 allungato, a forma di fuso, ricoperto di piccole squame, con occhi molto prominenti sulla testa.<\/p>\n<p>[\/vc_column_text][\/vc_column][vc_column width=&#8221;1\/12&#8243; css=&#8221;.vc_custom_1686225009730{padding-bottom: 30px !important;}&#8221;][\/vc_column][\/vc_row][vc_row equal_height=&#8221;yes&#8221; content_placement=&#8221;middle&#8221; css=&#8221;.vc_custom_1715076644304{padding-top: 80px !important;padding-bottom: 80px !important;}&#8221;][vc_column width=&#8221;1\/3&#8243; css=&#8221;.vc_custom_1714332307615{background-color: #ffb128 !important;}&#8221; el_class=&#8221;left_radius&#8221;][vc_column_text css=&#8221;.vc_custom_1716895039743{padding-top: 50px !important;padding-right: 50px !important;padding-bottom: 50px !important;padding-left: 50px !important;}&#8221;]<\/p>\n<h2><span style=\"color: #ffffff;\">Contatto<\/span><\/h2>\n<h4>Chiamaci o invia una richiesta.<\/h4>\n<p>[\/vc_column_text][\/vc_column][vc_column width=&#8221;2\/3&#8243; css=&#8221;.vc_custom_1714332859541{padding-top: 50px !important;padding-right: 50px !important;padding-bottom: 50px !important;padding-left: 50px !important;background-color: #0b3954 !important;}&#8221;][vc_row_inner content_placement=&#8221;middle&#8221;][vc_column_inner width=&#8221;2\/3&#8243;][vc_column_text css=&#8221;&#8221;]<span style=\"color: #ffffff;\">Compila il modulo di contatto e invia una richiesta. Cercheremo di risponderti il \u200b\u200bprima possibile. Tiha Ribolov d.o.o.<\/span>[\/vc_column_text]<div class=\"ult-spacer spacer-69d492776303f\" data-id=\"69d492776303f\" data-height=\"0\" data-height-mobile=\"40\" data-height-tab=\"0\" data-height-tab-portrait=\"0\" data-height-mobile-landscape=\"40\" style=\"clear:both;display:block;\"><\/div>[\/vc_column_inner][vc_column_inner width=&#8221;1\/3&#8243;]<style type=\"text\/css\" data-type=\"the7_shortcodes-inline-css\">#default-btn-5fe2d0a2c3b2c0b8705e4af97656450b.ico-right-side > i {\n  margin-right: 0px;\n  margin-left: 8px;\n}\n#default-btn-5fe2d0a2c3b2c0b8705e4af97656450b > i {\n  margin-right: 8px;\n}\n<\/style><a href=\"https:\/\/tiharibolov.hr\/kontakt\/\" class=\"default-btn-shortcode dt-btn dt-btn-m link-hover-off btn-inline-left \" id=\"default-btn-5fe2d0a2c3b2c0b8705e4af97656450b\" title=\"Kontakt\"><span>Contattaci<\/span><\/a>[\/vc_column_inner][\/vc_row_inner][\/vc_column][\/vc_row]<\/p>\n<\/div>","protected":false},"excerpt":{"rendered":"<p>[vc_row content_placement=&#8221;top&#8221; css=&#8221;.vc_custom_1712231557180{margin-bottom: 0px !important;border-bottom-width: 0px !important;padding-top: 70px !important;padding-bottom: 0px !important;}&#8221;][vc_column width=&#8221;1\/12&#8243;][\/vc_column][vc_column width=&#8221;1\/4&#8243; css=&#8221;.vc_custom_1686220013199{padding-right: 30px !important;padding-left: 30px !important;}&#8221;][\/vc_column][vc_column width=&#8221;7\/12&#8243; css=&#8221;.vc_custom_1712234245337{border-left-width: 2px !important;padding-right: 50px !important;padding-left: 50px !important;border-left-color: #dddddd !important;border-left-style: dashed !important;}&#8221;][vc_column_text css=&#8221;&#8221; el_class=&#8221;letter_spacing&#8221;] BOGA [\/vc_column_text][vc_empty_space][\/vc_column][vc_column width=&#8221;1\/12&#8243;][\/vc_column][\/vc_row][vc_row css=&#8221;.vc_custom_1715777485876{margin-bottom: 0px !important;border-bottom-width: 0px !important;padding-bottom: 0px !important;}&#8221;][vc_column width=&#8221;1\/12&#8243;][\/vc_column][vc_column width=&#8221;1\/4&#8243; css=&#8221;.vc_custom_1712234262921{padding-right: 50px !important;padding-left: 50px !important;}&#8221;][vc_empty_space height=&#8221;20px&#8221;][vc_empty_space height=&#8221;50px&#8221;][\/vc_column][vc_column width=&#8221;7\/12&#8243; css=&#8221;.vc_custom_1712234284958{border-left-width: 2px !important;padding-right:&hellip;<\/p>\n","protected":false},"author":1,"featured_media":0,"parent":1293,"menu_order":1,"comment_status":"closed","ping_status":"closed","template":"","meta":{"footnotes":""},"class_list":["post-1381","page","type-page","status-publish","hentry","description-off"],"yoast_head":"<!-- This site is optimized with the Yoast SEO plugin v22.8 - https:\/\/yoast.com\/wordpress\/plugins\/seo\/ -->\n<title>Boga - Tiha Ribolov<\/title>\n<meta name=\"description\" content=\"Bukva je jedna od najbrojnijih riba u Jadranu i Mediteranu te \u017eivi u velikim jatima. Hrani se raznovrsno, naj\u010de\u0161\u0107e planktonom ali i algama i sitnim ra\u010di\u0107ima s morskog dna.\" \/>\n<meta name=\"robots\" content=\"index, follow, max-snippet:-1, max-image-preview:large, max-video-preview:-1\" \/>\n<link rel=\"canonical\" href=\"https:\/\/tiharibolov.hr\/it\/nasa-ponuda\/bukva\/\" \/>\n<meta property=\"og:locale\" content=\"it_IT\" \/>\n<meta property=\"og:type\" content=\"article\" \/>\n<meta property=\"og:title\" content=\"Boga - Tiha Ribolov\" \/>\n<meta property=\"og:description\" content=\"Bukva je jedna od najbrojnijih riba u Jadranu i Mediteranu te \u017eivi u velikim jatima. Hrani se raznovrsno, naj\u010de\u0161\u0107e planktonom ali i algama i sitnim ra\u010di\u0107ima s morskog dna.\" \/>\n<meta property=\"og:url\" content=\"https:\/\/tiharibolov.hr\/it\/nasa-ponuda\/bukva\/\" \/>\n<meta property=\"og:site_name\" content=\"Tiha Ribolov\" \/>\n<meta property=\"article:modified_time\" content=\"2024-05-28T11:23:09+00:00\" \/>\n<meta name=\"twitter:card\" content=\"summary_large_image\" \/>\n<meta name=\"twitter:label1\" content=\"Tempo di lettura stimato\" \/>\n\t<meta name=\"twitter:data1\" content=\"2 minuti\" \/>\n<script type=\"application\/ld+json\" class=\"yoast-schema-graph\">{\"@context\":\"https:\/\/schema.org\",\"@graph\":[{\"@type\":\"WebPage\",\"@id\":\"https:\/\/tiharibolov.hr\/it\/nasa-ponuda\/bukva\/\",\"url\":\"https:\/\/tiharibolov.hr\/it\/nasa-ponuda\/bukva\/\",\"name\":\"Boga - Tiha Ribolov\",\"isPartOf\":{\"@id\":\"https:\/\/tiharibolov.hr\/it\/#website\"},\"datePublished\":\"2024-05-15T13:04:19+00:00\",\"dateModified\":\"2024-05-28T11:23:09+00:00\",\"description\":\"Bukva je jedna od najbrojnijih riba u Jadranu i Mediteranu te \u017eivi u velikim jatima. Hrani se raznovrsno, naj\u010de\u0161\u0107e planktonom ali i algama i sitnim ra\u010di\u0107ima s morskog dna.\",\"breadcrumb\":{\"@id\":\"https:\/\/tiharibolov.hr\/it\/nasa-ponuda\/bukva\/#breadcrumb\"},\"inLanguage\":\"it-IT\",\"potentialAction\":[{\"@type\":\"ReadAction\",\"target\":[[\"https:\/\/tiharibolov.hr\/it\/nasa-ponuda\/bukva\/\"]]}]},{\"@type\":\"BreadcrumbList\",\"@id\":\"https:\/\/tiharibolov.hr\/it\/nasa-ponuda\/bukva\/#breadcrumb\",\"itemListElement\":[{\"@type\":\"ListItem\",\"position\":1,\"name\":\"Home\",\"item\":\"https:\/\/tiharibolov.hr\/it\/\"},{\"@type\":\"ListItem\",\"position\":2,\"name\":\"Our offer\",\"item\":\"https:\/\/tiharibolov.hr\/it\/nasa-ponuda\/\"},{\"@type\":\"ListItem\",\"position\":3,\"name\":\"Bogue\"}]},{\"@type\":\"WebSite\",\"@id\":\"https:\/\/tiharibolov.hr\/it\/#website\",\"url\":\"https:\/\/tiharibolov.hr\/it\/\",\"name\":\"Tiha Ribolov\",\"description\":\"Pesce di prima qualit\u00e0 del Mar Adriatico\",\"potentialAction\":[{\"@type\":\"SearchAction\",\"target\":{\"@type\":\"EntryPoint\",\"urlTemplate\":\"https:\/\/tiharibolov.hr\/it\/?s={search_term_string}\"},\"query-input\":\"required name=search_term_string\"}],\"inLanguage\":\"it-IT\"}]}<\/script>\n<!-- \/ Yoast SEO plugin. -->","yoast_head_json":{"title":"Boga - Tiha Ribolov","description":"Bukva je jedna od najbrojnijih riba u Jadranu i Mediteranu te \u017eivi u velikim jatima. Hrani se raznovrsno, naj\u010de\u0161\u0107e planktonom ali i algama i sitnim ra\u010di\u0107ima s morskog dna.","robots":{"index":"index","follow":"follow","max-snippet":"max-snippet:-1","max-image-preview":"max-image-preview:large","max-video-preview":"max-video-preview:-1"},"canonical":"https:\/\/tiharibolov.hr\/it\/nasa-ponuda\/bukva\/","og_locale":"it_IT","og_type":"article","og_title":"Boga - Tiha Ribolov","og_description":"Bukva je jedna od najbrojnijih riba u Jadranu i Mediteranu te \u017eivi u velikim jatima. Hrani se raznovrsno, naj\u010de\u0161\u0107e planktonom ali i algama i sitnim ra\u010di\u0107ima s morskog dna.","og_url":"https:\/\/tiharibolov.hr\/it\/nasa-ponuda\/bukva\/","og_site_name":"Tiha Ribolov","article_modified_time":"2024-05-28T11:23:09+00:00","twitter_card":"summary_large_image","twitter_misc":{"Tempo di lettura stimato":"2 minuti"},"schema":{"@context":"https:\/\/schema.org","@graph":[{"@type":"WebPage","@id":"https:\/\/tiharibolov.hr\/it\/nasa-ponuda\/bukva\/","url":"https:\/\/tiharibolov.hr\/it\/nasa-ponuda\/bukva\/","name":"Boga - Tiha Ribolov","isPartOf":{"@id":"https:\/\/tiharibolov.hr\/it\/#website"},"datePublished":"2024-05-15T13:04:19+00:00","dateModified":"2024-05-28T11:23:09+00:00","description":"Bukva je jedna od najbrojnijih riba u Jadranu i Mediteranu te \u017eivi u velikim jatima. Hrani se raznovrsno, naj\u010de\u0161\u0107e planktonom ali i algama i sitnim ra\u010di\u0107ima s morskog dna.","breadcrumb":{"@id":"https:\/\/tiharibolov.hr\/it\/nasa-ponuda\/bukva\/#breadcrumb"},"inLanguage":"it-IT","potentialAction":[{"@type":"ReadAction","target":[["https:\/\/tiharibolov.hr\/it\/nasa-ponuda\/bukva\/"]]}]},{"@type":"BreadcrumbList","@id":"https:\/\/tiharibolov.hr\/it\/nasa-ponuda\/bukva\/#breadcrumb","itemListElement":[{"@type":"ListItem","position":1,"name":"Home","item":"https:\/\/tiharibolov.hr\/it\/"},{"@type":"ListItem","position":2,"name":"Our offer","item":"https:\/\/tiharibolov.hr\/it\/nasa-ponuda\/"},{"@type":"ListItem","position":3,"name":"Bogue"}]},{"@type":"WebSite","@id":"https:\/\/tiharibolov.hr\/it\/#website","url":"https:\/\/tiharibolov.hr\/it\/","name":"Tiha Ribolov","description":"Pesce di prima qualit\u00e0 del Mar Adriatico","potentialAction":[{"@type":"SearchAction","target":{"@type":"EntryPoint","urlTemplate":"https:\/\/tiharibolov.hr\/it\/?s={search_term_string}"},"query-input":"required name=search_term_string"}],"inLanguage":"it-IT"}]}},"_links":{"self":[{"href":"https:\/\/tiharibolov.hr\/it\/wp-json\/wp\/v2\/pages\/1381","targetHints":{"allow":["GET"]}}],"collection":[{"href":"https:\/\/tiharibolov.hr\/it\/wp-json\/wp\/v2\/pages"}],"about":[{"href":"https:\/\/tiharibolov.hr\/it\/wp-json\/wp\/v2\/types\/page"}],"author":[{"embeddable":true,"href":"https:\/\/tiharibolov.hr\/it\/wp-json\/wp\/v2\/users\/1"}],"replies":[{"embeddable":true,"href":"https:\/\/tiharibolov.hr\/it\/wp-json\/wp\/v2\/comments?post=1381"}],"version-history":[{"count":5,"href":"https:\/\/tiharibolov.hr\/it\/wp-json\/wp\/v2\/pages\/1381\/revisions"}],"predecessor-version":[{"id":1417,"href":"https:\/\/tiharibolov.hr\/it\/wp-json\/wp\/v2\/pages\/1381\/revisions\/1417"}],"up":[{"embeddable":true,"href":"https:\/\/tiharibolov.hr\/it\/wp-json\/wp\/v2\/pages\/1293"}],"wp:attachment":[{"href":"https:\/\/tiharibolov.hr\/it\/wp-json\/wp\/v2\/media?parent=1381"}],"curies":[{"name":"wp","href":"https:\/\/api.w.org\/{rel}","templated":true}]}}